{"id":13,"date":"2019-01-14T15:04:54","date_gmt":"2019-01-14T17:04:54","guid":{"rendered":"http:\/\/agricolajundiai.com.br\/?page_id=13"},"modified":"2019-01-18T18:08:18","modified_gmt":"2019-01-18T20:08:18","slug":"noticias","status":"publish","type":"page","link":"https:\/\/agricolajundiai.com.br\/?page_id=13","title":{"rendered":"Not\u00edcias"},"content":{"rendered":"\n<p>Dicas, eventos realizados pela associa\u00e7\u00e3o, cobertura de assuntos da regi\u00e3o e muito mais.<\/p>\n","protected":false},"excerpt":{"rendered":"<p>Dicas, eventos realizados pela associa\u00e7\u00e3o, cobertura de assuntos da regi\u00e3o e muito mais.<\/p>\n","protected":false},"author":1,"featured_media":234,"parent":0,"menu_order":0,"comment_status":"closed","ping_status":"closed","template":"pages\/page-noticias.php","meta":[],"_links":{"self":[{"href":"https:\/\/agricolajundiai.com.br\/index.php?rest_route=\/wp\/v2\/pages\/13"}],"collection":[{"href":"https:\/\/agricolajundiai.com.br\/index.php?rest_route=\/wp\/v2\/pages"}],"about":[{"href":"https:\/\/agricolajundiai.com.br\/index.php?rest_route=\/wp\/v2\/types\/page"}],"author":[{"embeddable":true,"href":"https:\/\/agricolajundiai.com.br\/index.php?rest_route=\/wp\/v2\/users\/1"}],"replies":[{"embeddable":true,"href":"https:\/\/agricolajundiai.com.br\/index.php?rest_route=%2Fwp%2Fv2%2Fcomments&post=13"}],"version-history":[{"count":5,"href":"https:\/\/agricolajundiai.com.br\/index.php?rest_route=\/wp\/v2\/pages\/13\/revisions"}],"predecessor-version":[{"id":231,"href":"https:\/\/agricolajundiai.com.br\/index.php?rest_route=\/wp\/v2\/pages\/13\/revisions\/231"}],"wp:featuredmedia":[{"embeddable":true,"href":"https:\/\/agricolajundiai.com.br\/index.php?rest_route=\/wp\/v2\/media\/234"}],"wp:attachment":[{"href":"https:\/\/agricolajundiai.com.br\/index.php?rest_route=%2Fwp%2Fv2%2Fmedia&parent=13"}],"curies":[{"name":"wp","href":"https:\/\/api.w.org\/{rel}","templated":true}]}}