{"id":15,"date":"2019-01-14T15:05:10","date_gmt":"2019-01-14T17:05:10","guid":{"rendered":"http:\/\/agricolajundiai.com.br\/?page_id=15"},"modified":"2019-01-18T18:04:25","modified_gmt":"2019-01-18T20:04:25","slug":"prestacao-de-contas","status":"publish","type":"page","link":"https:\/\/agricolajundiai.com.br\/?page_id=15","title":{"rendered":"Presta\u00e7\u00e3o de contas"},"content":{"rendered":"\n<p>Aqui voc\u00ea tem acesso a tudo que \u00e9 feito por n\u00f3s. Transpar\u00eancia, \u00e9tica e presta\u00e7\u00e3o de servi\u00e7o a comunidade rural de forma clara e eficiente.<\/p>\n\n\n\n<p><\/p>\n","protected":false},"excerpt":{"rendered":"<p>Aqui voc\u00ea tem acesso a tudo que \u00e9 feito por n\u00f3s. Transpar\u00eancia, \u00e9tica e presta\u00e7\u00e3o de servi\u00e7o a comunidade rural de forma clara e eficiente.<\/p>\n","protected":false},"author":1,"featured_media":76,"parent":0,"menu_order":0,"comment_status":"closed","ping_status":"closed","template":"pages\/page-prestacao-de-contas.php","meta":[],"_links":{"self":[{"href":"https:\/\/agricolajundiai.com.br\/index.php?rest_route=\/wp\/v2\/pages\/15"}],"collection":[{"href":"https:\/\/agricolajundiai.com.br\/index.php?rest_route=\/wp\/v2\/pages"}],"about":[{"href":"https:\/\/agricolajundiai.com.br\/index.php?rest_route=\/wp\/v2\/types\/page"}],"author":[{"embeddable":true,"href":"https:\/\/agricolajundiai.com.br\/index.php?rest_route=\/wp\/v2\/users\/1"}],"replies":[{"embeddable":true,"href":"https:\/\/agricolajundiai.com.br\/index.php?rest_route=%2Fwp%2Fv2%2Fcomments&post=15"}],"version-history":[{"count":4,"href":"https:\/\/agricolajundiai.com.br\/index.php?rest_route=\/wp\/v2\/pages\/15\/revisions"}],"predecessor-version":[{"id":232,"href":"https:\/\/agricolajundiai.com.br\/index.php?rest_route=\/wp\/v2\/pages\/15\/revisions\/232"}],"wp:featuredmedia":[{"embeddable":true,"href":"https:\/\/agricolajundiai.com.br\/index.php?rest_route=\/wp\/v2\/media\/76"}],"wp:attachment":[{"href":"https:\/\/agricolajundiai.com.br\/index.php?rest_route=%2Fwp%2Fv2%2Fmedia&parent=15"}],"curies":[{"name":"wp","href":"https:\/\/api.w.org\/{rel}","templated":true}]}}