{"id":17,"date":"2019-01-14T15:05:21","date_gmt":"2019-01-14T17:05:21","guid":{"rendered":"http:\/\/agricolajundiai.com.br\/?page_id=17"},"modified":"2019-01-18T18:11:50","modified_gmt":"2019-01-18T20:11:50","slug":"contato","status":"publish","type":"page","link":"https:\/\/agricolajundiai.com.br\/?page_id=17","title":{"rendered":"Contato"},"content":{"rendered":"\n<p>Entre em contato por telefone, e-mail, ou preencha o formul\u00e1rio abaixo com seus dados, em breve retornaremos.<\/p>\n\n\n\n<p>Disponibilizamos nossa localiza\u00e7\u00e3o no Google Maps, se preferir outra navega\u00e7\u00e3o, nosso endere\u00e7o est\u00e1 no rodap\u00e9 em todas as p\u00e1ginas! <\/p>\n\n\n\n<p>Qualquer d\u00favida estamos \u00e0 disposi\u00e7\u00e3o!<\/p>\n","protected":false},"excerpt":{"rendered":"<p>Entre em contato por telefone, e-mail, ou preencha o formul\u00e1rio abaixo com seus dados, em breve retornaremos. Disponibilizamos nossa localiza\u00e7\u00e3o no Google Maps, se preferir outra navega\u00e7\u00e3o, nosso endere\u00e7o est\u00e1 no rodap\u00e9 em todas as p\u00e1ginas! Qualquer d\u00favida estamos \u00e0 disposi\u00e7\u00e3o!<\/p>\n","protected":false},"author":1,"featured_media":235,"parent":0,"menu_order":0,"comment_status":"closed","ping_status":"closed","template":"pages\/page-contato.php","meta":[],"_links":{"self":[{"href":"https:\/\/agricolajundiai.com.br\/index.php?rest_route=\/wp\/v2\/pages\/17"}],"collection":[{"href":"https:\/\/agricolajundiai.com.br\/index.php?rest_route=\/wp\/v2\/pages"}],"about":[{"href":"https:\/\/agricolajundiai.com.br\/index.php?rest_route=\/wp\/v2\/types\/page"}],"author":[{"embeddable":true,"href":"https:\/\/agricolajundiai.com.br\/index.php?rest_route=\/wp\/v2\/users\/1"}],"replies":[{"embeddable":true,"href":"https:\/\/agricolajundiai.com.br\/index.php?rest_route=%2Fwp%2Fv2%2Fcomments&post=17"}],"version-history":[{"count":5,"href":"https:\/\/agricolajundiai.com.br\/index.php?rest_route=\/wp\/v2\/pages\/17\/revisions"}],"predecessor-version":[{"id":81,"href":"https:\/\/agricolajundiai.com.br\/index.php?rest_route=\/wp\/v2\/pages\/17\/revisions\/81"}],"wp:featuredmedia":[{"embeddable":true,"href":"https:\/\/agricolajundiai.com.br\/index.php?rest_route=\/wp\/v2\/media\/235"}],"wp:attachment":[{"href":"https:\/\/agricolajundiai.com.br\/index.php?rest_route=%2Fwp%2Fv2%2Fmedia&parent=17"}],"curies":[{"name":"wp","href":"https:\/\/api.w.org\/{rel}","templated":true}]}}