{"id":7,"date":"2019-01-14T15:04:07","date_gmt":"2019-01-14T17:04:07","guid":{"rendered":"http:\/\/agricolajundiai.com.br\/?page_id=7"},"modified":"2019-01-18T17:55:11","modified_gmt":"2019-01-18T19:55:11","slug":"institucional","status":"publish","type":"page","link":"https:\/\/agricolajundiai.com.br\/?page_id=7","title":{"rendered":"Institucional"},"content":{"rendered":"\n<p>A Associa\u00e7\u00e3o Agr\u00edcola de Jundia\u00ed foi fundada em 10 de outubro de 1945, com sua sede na Av. Professor Gi\u00e1como Itria n\u00ba 388 no bairro Anhangaba\u00fa. A associa\u00e7\u00e3o \u00e9 uma entidade sem fins lucrativos e criada para a colabora\u00e7\u00e3o m\u00fatua dos s\u00f3cios, vistando a presta\u00e7\u00e3o, pela entidade, de quaisquer servi\u00e7os que possam contribuir para o fomento e racionaliza\u00e7\u00e3o das atividades agropecu\u00e1rias e a defesa das atividades econ\u00f4micas, sociais e culturais de seus associados. <\/p>\n\n\n\n<p>Divulgamos conte\u00fados relacionados a t\u00e9cnicas de produ\u00e7\u00e3o e manejo, mercado e pre\u00e7os, melhoria da qualidade e de produtividade, primando pela solidariedade social, sem cunho pol\u00edtico ou partid\u00e1rio, com a finalidade de atender a todos os seus representados, independente de classe social, nacionalidade, sexo, ra\u00e7a, cor ou cren\u00e7a religiosa<\/p>\n","protected":false},"excerpt":{"rendered":"<p>A Associa\u00e7\u00e3o Agr\u00edcola de Jundia\u00ed foi fundada em 10 de outubro de 1945, com sua sede na Av. Professor Gi\u00e1como Itria n\u00ba 388 no bairro Anhangaba\u00fa. A associa\u00e7\u00e3o \u00e9 uma entidade sem fins lucrativos e criada para a colabora\u00e7\u00e3o m\u00fatua dos s\u00f3cios, vistando a presta\u00e7\u00e3o, pela entidade, de quaisquer servi\u00e7os que possam contribuir para o [&hellip;]<\/p>\n","protected":false},"author":1,"featured_media":74,"parent":0,"menu_order":0,"comment_status":"closed","ping_status":"closed","template":"pages\/page-institucional.php","meta":[],"_links":{"self":[{"href":"https:\/\/agricolajundiai.com.br\/index.php?rest_route=\/wp\/v2\/pages\/7"}],"collection":[{"href":"https:\/\/agricolajundiai.com.br\/index.php?rest_route=\/wp\/v2\/pages"}],"about":[{"href":"https:\/\/agricolajundiai.com.br\/index.php?rest_route=\/wp\/v2\/types\/page"}],"author":[{"embeddable":true,"href":"https:\/\/agricolajundiai.com.br\/index.php?rest_route=\/wp\/v2\/users\/1"}],"replies":[{"embeddable":true,"href":"https:\/\/agricolajundiai.com.br\/index.php?rest_route=%2Fwp%2Fv2%2Fcomments&post=7"}],"version-history":[{"count":4,"href":"https:\/\/agricolajundiai.com.br\/index.php?rest_route=\/wp\/v2\/pages\/7\/revisions"}],"predecessor-version":[{"id":226,"href":"https:\/\/agricolajundiai.com.br\/index.php?rest_route=\/wp\/v2\/pages\/7\/revisions\/226"}],"wp:featuredmedia":[{"embeddable":true,"href":"https:\/\/agricolajundiai.com.br\/index.php?rest_route=\/wp\/v2\/media\/74"}],"wp:attachment":[{"href":"https:\/\/agricolajundiai.com.br\/index.php?rest_route=%2Fwp%2Fv2%2Fmedia&parent=7"}],"curies":[{"name":"wp","href":"https:\/\/api.w.org\/{rel}","templated":true}]}}